{"id":13080,"date":"2021-05-26T10:06:05","date_gmt":"2021-05-26T10:06:05","guid":{"rendered":"https:\/\/belladentist.wpengine.com\/invisalign\/"},"modified":"2021-08-16T12:04:05","modified_gmt":"2021-08-16T12:04:05","slug":"invisalign","status":"publish","type":"page","link":"https:\/\/belladentist.com\/es\/ortodoncia\/invisalign\/","title":{"rendered":"Invisalign"},"content":{"rendered":"\t\t<div data-elementor-type=\"wp-page\" data-elementor-id=\"13080\" class=\"elementor elementor-13080\" data-elementor-settings=\"[]\">\n\t\t\t\t\t\t\t<div class=\"elementor-section-wrap\">\n\t\t\t\t\t\t\t<section class=\"elementor-section elementor-top-section elementor-element elementor-element-6be4d038 elementor-section-height-min-height elementor-section-stretched headback elementor-section-boxed elementor-section-height-default elementor-section-items-middle\" data-id=\"6be4d038\" data-element_type=\"section\" data-settings=\"{&quot;stretch_section&quot;:&quot;section-stretched&quot;,&quot;background_background&quot;:&quot;classic&quot;,&quot;_ob_glider_is_slider&quot;:&quot;no&quot;}\">\n\t\t\t\t\t\t\t<div class=\"elementor-background-overlay\"><\/div>\n\t\t\t\t\t\t\t<div class=\"elementor-container elementor-column-gap-default\">\n\t\t\t\t\t<div class=\"elementor-column elementor-col-100 elementor-top-column elementor-element elementor-element-210ca8c0\" data-id=\"210ca8c0\" data-element_type=\"column\">\n\t\t\t<div class=\"elementor-widget-wrap elementor-element-populated\">\n\t\t\t\t\t\t\t\t<div class=\"elementor-element elementor-element-127a14ae elementor-widget elementor-widget-heading\" data-id=\"127a14ae\" data-element_type=\"widget\" data-widget_type=\"heading.default\">\n\t\t\t\t<div class=\"elementor-widget-container\">\n\t\t\t<h1 class=\"elementor-heading-title elementor-size-default\">\u00bfNecesitas Invisalign?<\/h1>\t\t<\/div>\n\t\t\t\t<\/div>\n\t\t\t\t<div class=\"elementor-element elementor-element-43443d04 elementor-widget elementor-widget-heading\" data-id=\"43443d04\" data-element_type=\"widget\" data-widget_type=\"heading.default\">\n\t\t\t\t<div class=\"elementor-widget-container\">\n\t\t\t<h4 class=\"elementor-heading-title elementor-size-default\">Empieza con una consulta gratuita y Rayos X iniciales<\/h4>\t\t<\/div>\n\t\t\t\t<\/div>\n\t\t\t\t<div class=\"elementor-element elementor-element-4626e71e elementor-align-left bluehover elementor-widget elementor-widget-button\" data-id=\"4626e71e\" data-element_type=\"widget\" data-widget_type=\"button.default\">\n\t\t\t\t<div class=\"elementor-widget-container\">\n\t\t\t\t\t<div class=\"elementor-button-wrapper\">\n\t\t\t<a href=\"https:\/\/belladentist.wpengine.com\/es\/citas\/\" class=\"elementor-button-link elementor-button elementor-size-sm\" role=\"button\">\n\t\t\t\t\t\t<span class=\"elementor-button-content-wrapper\">\n\t\t\t\t\t\t<span class=\"elementor-button-text\">Reservar una cita<\/span>\n\t\t<\/span>\n\t\t\t\t\t<\/a>\n\t\t<\/div>\n\t\t\t\t<\/div>\n\t\t\t\t<\/div>\n\t\t\t\t\t<\/div>\n\t\t<\/div>\n\t\t\t\t\t\t\t<\/div>\n\t\t<\/section>\n\t\t\t\t<section class=\"elementor-section elementor-top-section elementor-element elementor-element-cc41350 elementor-section-boxed elementor-section-height-default elementor-section-height-default\" data-id=\"cc41350\" data-element_type=\"section\" data-settings=\"{&quot;background_background&quot;:&quot;classic&quot;,&quot;_ob_glider_is_slider&quot;:&quot;no&quot;}\">\n\t\t\t\t\t\t<div class=\"elementor-container elementor-column-gap-default\">\n\t\t\t\t\t<div class=\"elementor-column elementor-col-50 elementor-top-column elementor-element elementor-element-1ffcee79\" data-id=\"1ffcee79\" data-element_type=\"column\">\n\t\t\t<div class=\"elementor-widget-wrap elementor-element-populated\">\n\t\t\t\t\t\t\t\t<div class=\"elementor-element elementor-element-7ea86bd8 elementor-widget elementor-widget-image\" data-id=\"7ea86bd8\" data-element_type=\"widget\" data-widget_type=\"image.default\">\n\t\t\t\t<div class=\"elementor-widget-container\">\n\t\t\t\t\t\t\t\t\t\t\t\t\t\t\t<img loading=\"lazy\" decoding=\"async\" width=\"1200\" height=\"1200\" src=\"https:\/\/belladentist.com\/wp-content\/uploads\/2021\/07\/shutterstock_1668839491-1.jpg\" class=\"attachment-full size-full\" alt=\"\" srcset=\"https:\/\/belladentist.com\/wp-content\/uploads\/2021\/07\/shutterstock_1668839491-1.jpg 1200w, https:\/\/belladentist.com\/wp-content\/uploads\/2021\/07\/shutterstock_1668839491-1-300x300.jpg 300w, https:\/\/belladentist.com\/wp-content\/uploads\/2021\/07\/shutterstock_1668839491-1-1024x1024.jpg 1024w, https:\/\/belladentist.com\/wp-content\/uploads\/2021\/07\/shutterstock_1668839491-1-150x150.jpg 150w, https:\/\/belladentist.com\/wp-content\/uploads\/2021\/07\/shutterstock_1668839491-1-768x768.jpg 768w\" sizes=\"auto, (max-width: 1200px) 100vw, 1200px\" \/>\t\t\t\t\t\t\t\t\t\t\t\t\t\t\t<\/div>\n\t\t\t\t<\/div>\n\t\t\t\t\t<\/div>\n\t\t<\/div>\n\t\t\t\t<div class=\"elementor-column elementor-col-50 elementor-top-column elementor-element elementor-element-6b197401\" data-id=\"6b197401\" data-element_type=\"column\">\n\t\t\t<div class=\"elementor-widget-wrap elementor-element-populated\">\n\t\t\t\t\t\t\t\t<div class=\"elementor-element elementor-element-2053f16a elementor-widget elementor-widget-heading\" data-id=\"2053f16a\" data-element_type=\"widget\" data-widget_type=\"heading.default\">\n\t\t\t\t<div class=\"elementor-widget-container\">\n\t\t\t<h2 class=\"elementor-heading-title elementor-size-default\">\u00bfQu\u00e9 es Invisalign?<\/h2>\t\t<\/div>\n\t\t\t\t<\/div>\n\t\t\t\t<div class=\"elementor-element elementor-element-602986bd elementor-widget elementor-widget-text-editor\" data-id=\"602986bd\" data-element_type=\"widget\" data-widget_type=\"text-editor.default\">\n\t\t\t\t<div class=\"elementor-widget-container\">\n\t\t\t\t\t\t\t<p>Invisalign es un proceso moderno que endereza los dientes sin soportes o cables. Utiliza un pl\u00e1stico suave invisible, haci\u00e9ndolos c\u00f3modos para usar todos los d\u00edas. Basado en las recomendaciones de sus Ortodoncistas, usar\u00e1 los Alineadores para moldear sus dientes en una sonrisa bienvenida. Debido a que no hay cables o bandas de goma, s\u00f3lo se puede deslizar en ellos y seguir su d\u00eda. Saque los Alineadores cuando tenga que comer, cepillarse los dientes o usar hilo dental.<\/p><p>Invisalign es una serie de bandejas de retenci\u00f3n transparente que se moldean a la boca de su adolescente y dise\u00f1ado para entregar correcciones minuciosas cada mes durante una serie de meses hasta que los dientes se alinean perfectamente. Al igual que tener tirantes tradicionales apretado y aflojado, tener un nuevo retenedor hecho ayuda a entregar peque\u00f1os ajustes a los dientes para que pueda tener una sonrisa perfecta.<\/p>\t\t\t\t\t\t<\/div>\n\t\t\t\t<\/div>\n\t\t\t\t\t<\/div>\n\t\t<\/div>\n\t\t\t\t\t\t\t<\/div>\n\t\t<\/section>\n\t\t\t\t<section class=\"elementor-section elementor-top-section elementor-element elementor-element-18fefd5 elementor-section-stretched hideme elementor-section-boxed elementor-section-height-default elementor-section-height-default\" data-id=\"18fefd5\" data-element_type=\"section\" data-settings=\"{&quot;stretch_section&quot;:&quot;section-stretched&quot;,&quot;background_background&quot;:&quot;classic&quot;,&quot;_ob_glider_is_slider&quot;:&quot;no&quot;}\">\n\t\t\t\t\t\t<div class=\"elementor-container elementor-column-gap-default\">\n\t\t\t\t\t<div class=\"elementor-column elementor-col-50 elementor-top-column elementor-element elementor-element-0507e50\" data-id=\"0507e50\" data-element_type=\"column\">\n\t\t\t<div class=\"elementor-widget-wrap elementor-element-populated\">\n\t\t\t\t\t\t\t\t<div class=\"elementor-element elementor-element-3db83a2 elementor-position-left elementor-vertical-align-middle elementor-view-default elementor-widget elementor-widget-icon-box\" data-id=\"3db83a2\" data-element_type=\"widget\" data-widget_type=\"icon-box.default\">\n\t\t\t\t<div class=\"elementor-widget-container\">\n\t\t\t\t\t<div class=\"elementor-icon-box-wrapper\">\n\t\t\t\t\t\t<div class=\"elementor-icon-box-icon\">\n\t\t\t\t<span class=\"elementor-icon elementor-animation-\" >\n\t\t\t\t<i aria-hidden=\"true\" class=\"far fa-calendar-check\"><\/i>\t\t\t\t<\/span>\n\t\t\t<\/div>\n\t\t\t\t\t\t<div class=\"elementor-icon-box-content\">\n\t\t\t\t<h3 class=\"elementor-icon-box-title\">\n\t\t\t\t\t<span  >\n\t\t\t\t\t\t Empieza con una consulta gratuita y Rayos X iniciales\t\t\t\t\t<\/span>\n\t\t\t\t<\/h3>\n\t\t\t\t\t\t\t<\/div>\n\t\t<\/div>\n\t\t\t\t<\/div>\n\t\t\t\t<\/div>\n\t\t\t\t\t<\/div>\n\t\t<\/div>\n\t\t\t\t<div class=\"elementor-column elementor-col-50 elementor-top-column elementor-element elementor-element-3fb4462\" data-id=\"3fb4462\" data-element_type=\"column\">\n\t\t\t<div class=\"elementor-widget-wrap elementor-element-populated\">\n\t\t\t\t\t\t\t\t<div class=\"elementor-element elementor-element-6c74feb elementor-align-right bluehover elementor-widget elementor-widget-button\" data-id=\"6c74feb\" data-element_type=\"widget\" data-widget_type=\"button.default\">\n\t\t\t\t<div class=\"elementor-widget-container\">\n\t\t\t\t\t<div class=\"elementor-button-wrapper\">\n\t\t\t<a href=\"https:\/\/belladentist.wpengine.com\/es\/citas\/\" class=\"elementor-button-link elementor-button elementor-size-sm\" role=\"button\">\n\t\t\t\t\t\t<span class=\"elementor-button-content-wrapper\">\n\t\t\t\t\t\t<span class=\"elementor-button-text\">HAGA UNA CITA <\/span>\n\t\t<\/span>\n\t\t\t\t\t<\/a>\n\t\t<\/div>\n\t\t\t\t<\/div>\n\t\t\t\t<\/div>\n\t\t\t\t\t<\/div>\n\t\t<\/div>\n\t\t\t\t\t\t\t<\/div>\n\t\t<\/section>\n\t\t\t\t<section class=\"elementor-section elementor-top-section elementor-element elementor-element-4a7f34 elementor-section-boxed elementor-section-height-default elementor-section-height-default\" data-id=\"4a7f34\" data-element_type=\"section\" data-settings=\"{&quot;background_background&quot;:&quot;classic&quot;,&quot;_ob_glider_is_slider&quot;:&quot;no&quot;}\">\n\t\t\t\t\t\t<div class=\"elementor-container elementor-column-gap-default\">\n\t\t\t\t\t<div class=\"elementor-column elementor-col-50 elementor-top-column elementor-element elementor-element-3286401c\" data-id=\"3286401c\" data-element_type=\"column\">\n\t\t\t<div class=\"elementor-widget-wrap elementor-element-populated\">\n\t\t\t\t\t\t\t\t<div class=\"elementor-element elementor-element-673e58c7 elementor-widget elementor-widget-heading\" data-id=\"673e58c7\" data-element_type=\"widget\" data-widget_type=\"heading.default\">\n\t\t\t\t<div class=\"elementor-widget-container\">\n\t\t\t<h2 class=\"elementor-heading-title elementor-size-default\">\u00bfCu\u00e1ndo necesito Invisalign?<\/h2>\t\t<\/div>\n\t\t\t\t<\/div>\n\t\t\t\t<div class=\"elementor-element elementor-element-29c4ee10 elementor-widget elementor-widget-text-editor\" data-id=\"29c4ee10\" data-element_type=\"widget\" data-widget_type=\"text-editor.default\">\n\t\t\t\t<div class=\"elementor-widget-container\">\n\t\t\t\t\t\t\tIf you have always wanted a straighter smile but don\u2019t want the inconvenience of metal braces, Invisalign is the optimal choice. Don\u2019t be uncomfortable with misshapen or irregular teeth. For teens and adults, it will inspire and boost their self-confidence knowing that they are getting a better look and not cover their smile. The Invisalign is an affordable way to straighten your teeth. It treats a variety of dental issues including gapped teeth, spaced teeth, crowded teeth, overbites, underbites, and crossbites. During the treatment you\u2019ll receive a series of Aligners. Each Invisalign set will be worn for approximately two weeks and then you will put in a new set. Regular dental visits will make sure you are on the right track to the beautiful smile you have always wanted.\t\t\t\t\t\t<\/div>\n\t\t\t\t<\/div>\n\t\t\t\t\t<\/div>\n\t\t<\/div>\n\t\t\t\t<div class=\"elementor-column elementor-col-50 elementor-top-column elementor-element elementor-element-1f3cc6f2\" data-id=\"1f3cc6f2\" data-element_type=\"column\">\n\t\t\t<div class=\"elementor-widget-wrap elementor-element-populated\">\n\t\t\t\t\t\t\t\t<div class=\"elementor-element elementor-element-7a8d3224 elementor-widget elementor-widget-image\" data-id=\"7a8d3224\" data-element_type=\"widget\" data-widget_type=\"image.default\">\n\t\t\t\t<div class=\"elementor-widget-container\">\n\t\t\t\t\t\t\t\t\t\t\t\t\t\t\t<img loading=\"lazy\" decoding=\"async\" width=\"1200\" height=\"1200\" src=\"https:\/\/belladentist.com\/wp-content\/uploads\/2021\/07\/shutterstock_646667182-1.jpg\" class=\"attachment-full size-full\" alt=\"\" srcset=\"https:\/\/belladentist.com\/wp-content\/uploads\/2021\/07\/shutterstock_646667182-1.jpg 1200w, https:\/\/belladentist.com\/wp-content\/uploads\/2021\/07\/shutterstock_646667182-1-300x300.jpg 300w, https:\/\/belladentist.com\/wp-content\/uploads\/2021\/07\/shutterstock_646667182-1-1024x1024.jpg 1024w, https:\/\/belladentist.com\/wp-content\/uploads\/2021\/07\/shutterstock_646667182-1-150x150.jpg 150w, https:\/\/belladentist.com\/wp-content\/uploads\/2021\/07\/shutterstock_646667182-1-768x768.jpg 768w\" sizes=\"auto, (max-width: 1200px) 100vw, 1200px\" \/>\t\t\t\t\t\t\t\t\t\t\t\t\t\t\t<\/div>\n\t\t\t\t<\/div>\n\t\t\t\t\t<\/div>\n\t\t<\/div>\n\t\t\t\t\t\t\t<\/div>\n\t\t<\/section>\n\t\t\t\t\t\t<\/div>\n\t\t\t\t\t<\/div>\n\t\t","protected":false},"excerpt":{"rendered":"<p>\u00bfNecesitas Invisalign? Empieza con una consulta gratuita y Rayos X iniciales Reservar una cita \u00bfQu\u00e9 es Invisalign? Invisalign es un proceso moderno que endereza los dientes sin soportes o cables. Utiliza un pl\u00e1stico suave invisible, haci\u00e9ndolos c\u00f3modos para usar todos los d\u00edas. Basado en las recomendaciones de sus Ortodoncistas, usar\u00e1 los Alineadores para moldear sus [&hellip;]<\/p>\n","protected":false},"author":6,"featured_media":0,"parent":13107,"menu_order":0,"comment_status":"closed","ping_status":"closed","template":"elementor_header_footer","meta":{"footnotes":""},"class_list":["post-13080","page","type-page","status-publish","hentry"],"_links":{"self":[{"href":"https:\/\/belladentist.com\/es\/wp-json\/wp\/v2\/pages\/13080","targetHints":{"allow":["GET"]}}],"collection":[{"href":"https:\/\/belladentist.com\/es\/wp-json\/wp\/v2\/pages"}],"about":[{"href":"https:\/\/belladentist.com\/es\/wp-json\/wp\/v2\/types\/page"}],"author":[{"embeddable":true,"href":"https:\/\/belladentist.com\/es\/wp-json\/wp\/v2\/users\/6"}],"replies":[{"embeddable":true,"href":"https:\/\/belladentist.com\/es\/wp-json\/wp\/v2\/comments?post=13080"}],"version-history":[{"count":0,"href":"https:\/\/belladentist.com\/es\/wp-json\/wp\/v2\/pages\/13080\/revisions"}],"up":[{"embeddable":true,"href":"https:\/\/belladentist.com\/es\/wp-json\/wp\/v2\/pages\/13107"}],"wp:attachment":[{"href":"https:\/\/belladentist.com\/es\/wp-json\/wp\/v2\/media?parent=13080"}],"curies":[{"name":"wp","href":"https:\/\/api.w.org\/{rel}","templated":true}]}}