{"id":13093,"date":"2021-05-24T08:50:04","date_gmt":"2021-05-24T08:50:04","guid":{"rendered":"https:\/\/belladentist.wpengine.com\/deep-cleaning\/"},"modified":"2021-08-16T11:59:34","modified_gmt":"2021-08-16T11:59:34","slug":"limpieza-profunda","status":"publish","type":"page","link":"https:\/\/belladentist.com\/es\/odontologia-general\/limpieza-profunda\/","title":{"rendered":"Limpieza Profunda"},"content":{"rendered":"\t\t<div data-elementor-type=\"wp-page\" data-elementor-id=\"13093\" class=\"elementor elementor-13093\" data-elementor-settings=\"[]\">\n\t\t\t\t\t\t\t<div class=\"elementor-section-wrap\">\n\t\t\t\t\t\t\t<section class=\"elementor-section elementor-top-section elementor-element elementor-element-1982fddc elementor-section-height-min-height elementor-section-stretched headback elementor-section-boxed elementor-section-height-default elementor-section-items-middle\" data-id=\"1982fddc\" data-element_type=\"section\" data-settings=\"{&quot;stretch_section&quot;:&quot;section-stretched&quot;,&quot;background_background&quot;:&quot;classic&quot;,&quot;_ob_glider_is_slider&quot;:&quot;no&quot;}\">\n\t\t\t\t\t\t\t<div class=\"elementor-background-overlay\"><\/div>\n\t\t\t\t\t\t\t<div class=\"elementor-container elementor-column-gap-default\">\n\t\t\t\t\t<div class=\"elementor-column elementor-col-100 elementor-top-column elementor-element elementor-element-47493429\" data-id=\"47493429\" data-element_type=\"column\">\n\t\t\t<div class=\"elementor-widget-wrap elementor-element-populated\">\n\t\t\t\t\t\t\t\t<div class=\"elementor-element elementor-element-7277700d elementor-widget elementor-widget-heading\" data-id=\"7277700d\" data-element_type=\"widget\" data-widget_type=\"heading.default\">\n\t\t\t\t<div class=\"elementor-widget-container\">\n\t\t\t<h1 class=\"elementor-heading-title elementor-size-default\">\u00bfNecesitas limpieza profunda??<\/h1>\t\t<\/div>\n\t\t\t\t<\/div>\n\t\t\t\t<div class=\"elementor-element elementor-element-2519cdea elementor-widget elementor-widget-heading\" data-id=\"2519cdea\" data-element_type=\"widget\" data-widget_type=\"heading.default\">\n\t\t\t\t<div class=\"elementor-widget-container\">\n\t\t\t<h4 class=\"elementor-heading-title elementor-size-default\">Empieza con una consulta gratuita y Rayos X iniciales<\/h4>\t\t<\/div>\n\t\t\t\t<\/div>\n\t\t\t\t<div class=\"elementor-element elementor-element-d3340e3 elementor-align-left bluehover elementor-widget elementor-widget-button\" data-id=\"d3340e3\" data-element_type=\"widget\" data-widget_type=\"button.default\">\n\t\t\t\t<div class=\"elementor-widget-container\">\n\t\t\t\t\t<div class=\"elementor-button-wrapper\">\n\t\t\t<a href=\"https:\/\/belladentist.wpengine.com\/es\/citas\/\" class=\"elementor-button-link elementor-button elementor-size-sm\" role=\"button\">\n\t\t\t\t\t\t<span class=\"elementor-button-content-wrapper\">\n\t\t\t\t\t\t<span class=\"elementor-button-text\">Reservar una cita<\/span>\n\t\t<\/span>\n\t\t\t\t\t<\/a>\n\t\t<\/div>\n\t\t\t\t<\/div>\n\t\t\t\t<\/div>\n\t\t\t\t\t<\/div>\n\t\t<\/div>\n\t\t\t\t\t\t\t<\/div>\n\t\t<\/section>\n\t\t\t\t<section class=\"elementor-section elementor-top-section elementor-element elementor-element-ee1299 elementor-section-boxed elementor-section-height-default elementor-section-height-default\" data-id=\"ee1299\" data-element_type=\"section\" data-settings=\"{&quot;background_background&quot;:&quot;classic&quot;,&quot;_ob_glider_is_slider&quot;:&quot;no&quot;}\">\n\t\t\t\t\t\t<div class=\"elementor-container elementor-column-gap-default\">\n\t\t\t\t\t<div class=\"elementor-column elementor-col-50 elementor-top-column elementor-element elementor-element-5562afd4\" data-id=\"5562afd4\" data-element_type=\"column\">\n\t\t\t<div class=\"elementor-widget-wrap elementor-element-populated\">\n\t\t\t\t\t\t\t\t<div class=\"elementor-element elementor-element-9ce274f elementor-widget elementor-widget-image\" data-id=\"9ce274f\" data-element_type=\"widget\" data-widget_type=\"image.default\">\n\t\t\t\t<div class=\"elementor-widget-container\">\n\t\t\t\t\t\t\t\t\t\t\t\t\t\t\t<img loading=\"lazy\" decoding=\"async\" width=\"1200\" height=\"1200\" src=\"https:\/\/belladentist.com\/wp-content\/uploads\/2021\/07\/shutterstock_622824899.jpg\" class=\"attachment-full size-full\" alt=\"\" srcset=\"https:\/\/belladentist.com\/wp-content\/uploads\/2021\/07\/shutterstock_622824899.jpg 1200w, https:\/\/belladentist.com\/wp-content\/uploads\/2021\/07\/shutterstock_622824899-300x300.jpg 300w, https:\/\/belladentist.com\/wp-content\/uploads\/2021\/07\/shutterstock_622824899-1024x1024.jpg 1024w, https:\/\/belladentist.com\/wp-content\/uploads\/2021\/07\/shutterstock_622824899-150x150.jpg 150w, https:\/\/belladentist.com\/wp-content\/uploads\/2021\/07\/shutterstock_622824899-768x768.jpg 768w\" sizes=\"auto, (max-width: 1200px) 100vw, 1200px\" \/>\t\t\t\t\t\t\t\t\t\t\t\t\t\t\t<\/div>\n\t\t\t\t<\/div>\n\t\t\t\t\t<\/div>\n\t\t<\/div>\n\t\t\t\t<div class=\"elementor-column elementor-col-50 elementor-top-column elementor-element elementor-element-7b315d81\" data-id=\"7b315d81\" data-element_type=\"column\">\n\t\t\t<div class=\"elementor-widget-wrap elementor-element-populated\">\n\t\t\t\t\t\t\t\t<div class=\"elementor-element elementor-element-2121f716 elementor-widget elementor-widget-heading\" data-id=\"2121f716\" data-element_type=\"widget\" data-widget_type=\"heading.default\">\n\t\t\t\t<div class=\"elementor-widget-container\">\n\t\t\t<h2 class=\"elementor-heading-title elementor-size-default\">\u00bfQu\u00e9 es la limpieza profunda? <\/h2>\t\t<\/div>\n\t\t\t\t<\/div>\n\t\t\t\t<div class=\"elementor-element elementor-element-6e3f9dea elementor-widget elementor-widget-text-editor\" data-id=\"6e3f9dea\" data-element_type=\"widget\" data-widget_type=\"text-editor.default\">\n\t\t\t\t<div class=\"elementor-widget-container\">\n\t\t\t\t\t\t\tLa limpieza profunda es un conjunto de procedimientos dentales que una persona puede necesitar si ha experimentado una intrusi\u00f3n profunda de placa. Otros nombres para los procedimientos de limpieza profunda son el escalado y cepillado de la ra\u00edz. Un paciente necesita escalamiento y planificaci\u00f3n radicular cuando esa persona nota las etapas iniciales de la gingivitis. Las etapas iniciales de la gingivitis pueden producir s\u00edntomas tales como sangrado de las enc\u00edas, aliento o dolor desagradable. Un dentista tambi\u00e9n puede notar un alto grado de crecimiento de placa durante una visita regular o examen. El procedimiento de limpieza profunda es mucho m\u00e1s avanzado que la limpieza t\u00edpica que los pacientes reciben en sus visitas de rutina.\t\t\t\t\t\t<\/div>\n\t\t\t\t<\/div>\n\t\t\t\t\t<\/div>\n\t\t<\/div>\n\t\t\t\t\t\t\t<\/div>\n\t\t<\/section>\n\t\t\t\t<section class=\"elementor-section elementor-top-section elementor-element elementor-element-f14063a elementor-section-stretched hideme elementor-section-boxed elementor-section-height-default elementor-section-height-default\" data-id=\"f14063a\" data-element_type=\"section\" data-settings=\"{&quot;stretch_section&quot;:&quot;section-stretched&quot;,&quot;background_background&quot;:&quot;classic&quot;,&quot;_ob_glider_is_slider&quot;:&quot;no&quot;}\">\n\t\t\t\t\t\t<div class=\"elementor-container elementor-column-gap-default\">\n\t\t\t\t\t<div class=\"elementor-column elementor-col-50 elementor-top-column elementor-element elementor-element-ccd5a50\" data-id=\"ccd5a50\" data-element_type=\"column\">\n\t\t\t<div class=\"elementor-widget-wrap elementor-element-populated\">\n\t\t\t\t\t\t\t\t<div class=\"elementor-element elementor-element-30c11de elementor-position-left elementor-vertical-align-middle elementor-view-default elementor-widget elementor-widget-icon-box\" data-id=\"30c11de\" data-element_type=\"widget\" data-widget_type=\"icon-box.default\">\n\t\t\t\t<div class=\"elementor-widget-container\">\n\t\t\t\t\t<div class=\"elementor-icon-box-wrapper\">\n\t\t\t\t\t\t<div class=\"elementor-icon-box-icon\">\n\t\t\t\t<span class=\"elementor-icon elementor-animation-\" >\n\t\t\t\t<i aria-hidden=\"true\" class=\"far fa-calendar-check\"><\/i>\t\t\t\t<\/span>\n\t\t\t<\/div>\n\t\t\t\t\t\t<div class=\"elementor-icon-box-content\">\n\t\t\t\t<h3 class=\"elementor-icon-box-title\">\n\t\t\t\t\t<span  >\n\t\t\t\t\t\t Empieza con una consulta gratuita y Rayos X iniciales\t\t\t\t\t<\/span>\n\t\t\t\t<\/h3>\n\t\t\t\t\t\t\t<\/div>\n\t\t<\/div>\n\t\t\t\t<\/div>\n\t\t\t\t<\/div>\n\t\t\t\t\t<\/div>\n\t\t<\/div>\n\t\t\t\t<div class=\"elementor-column elementor-col-50 elementor-top-column elementor-element elementor-element-dff19b4\" data-id=\"dff19b4\" data-element_type=\"column\">\n\t\t\t<div class=\"elementor-widget-wrap elementor-element-populated\">\n\t\t\t\t\t\t\t\t<div class=\"elementor-element elementor-element-7bd7b2e elementor-align-right bluehover elementor-widget elementor-widget-button\" data-id=\"7bd7b2e\" data-element_type=\"widget\" data-widget_type=\"button.default\">\n\t\t\t\t<div class=\"elementor-widget-container\">\n\t\t\t\t\t<div class=\"elementor-button-wrapper\">\n\t\t\t<a href=\"https:\/\/belladentist.wpengine.com\/es\/citas\/\" class=\"elementor-button-link elementor-button elementor-size-sm\" role=\"button\">\n\t\t\t\t\t\t<span class=\"elementor-button-content-wrapper\">\n\t\t\t\t\t\t<span class=\"elementor-button-text\">HAGA UNA CITA <\/span>\n\t\t<\/span>\n\t\t\t\t\t<\/a>\n\t\t<\/div>\n\t\t\t\t<\/div>\n\t\t\t\t<\/div>\n\t\t\t\t\t<\/div>\n\t\t<\/div>\n\t\t\t\t\t\t\t<\/div>\n\t\t<\/section>\n\t\t\t\t<section class=\"elementor-section elementor-top-section elementor-element elementor-element-3f7eb102 elementor-section-boxed elementor-section-height-default elementor-section-height-default\" data-id=\"3f7eb102\" data-element_type=\"section\" data-settings=\"{&quot;background_background&quot;:&quot;classic&quot;,&quot;_ob_glider_is_slider&quot;:&quot;no&quot;}\">\n\t\t\t\t\t\t<div class=\"elementor-container elementor-column-gap-default\">\n\t\t\t\t\t<div class=\"elementor-column elementor-col-50 elementor-top-column elementor-element elementor-element-57fd11f9\" data-id=\"57fd11f9\" data-element_type=\"column\">\n\t\t\t<div class=\"elementor-widget-wrap elementor-element-populated\">\n\t\t\t\t\t\t\t\t<div class=\"elementor-element elementor-element-756cc075 elementor-widget elementor-widget-heading\" data-id=\"756cc075\" data-element_type=\"widget\" data-widget_type=\"heading.default\">\n\t\t\t\t<div class=\"elementor-widget-container\">\n\t\t\t<h2 class=\"elementor-heading-title elementor-size-default\">\u00bfCu\u00e1ndo necesito limpieza profunda?<\/h2>\t\t<\/div>\n\t\t\t\t<\/div>\n\t\t\t\t<div class=\"elementor-element elementor-element-d31e0cd elementor-widget elementor-widget-text-editor\" data-id=\"d31e0cd\" data-element_type=\"widget\" data-widget_type=\"text-editor.default\">\n\t\t\t\t<div class=\"elementor-widget-container\">\n\t\t\t\t\t\t\tEl proceso de limpieza profunda puede ser un poco doloroso si el paciente tiene una gran cantidad de sarro dentro de los bolsillos de la enc\u00eda. Sin embargo, el dentista puede suministrar algo al paciente que aliviar\u00e1 el dolor. A continuaci\u00f3n, los especialistas realizar\u00e1n el procedimiento de escalado o raspado profundo. El dentista entrar\u00e1 en los bolsillos de la enc\u00eda para remover el sarro. Despu\u00e9s, el especialista llevar\u00e1 a cabo cualquier cepillado de ra\u00edces que se debe hacer. Aplanamiento de la ra\u00edz es un proceso que el dentista utiliza para suavizar las superficies de la enc\u00eda. La limpieza profunda puede ayudar a restaurar la salud bucal de una persona antes de que progrese a un grado peligroso.\t\t\t\t\t\t<\/div>\n\t\t\t\t<\/div>\n\t\t\t\t\t<\/div>\n\t\t<\/div>\n\t\t\t\t<div class=\"elementor-column elementor-col-50 elementor-top-column elementor-element elementor-element-2b17f4dc\" data-id=\"2b17f4dc\" data-element_type=\"column\">\n\t\t\t<div class=\"elementor-widget-wrap elementor-element-populated\">\n\t\t\t\t\t\t\t\t<div class=\"elementor-element elementor-element-182d6d75 elementor-widget elementor-widget-image\" data-id=\"182d6d75\" data-element_type=\"widget\" data-widget_type=\"image.default\">\n\t\t\t\t<div class=\"elementor-widget-container\">\n\t\t\t\t\t\t\t\t\t\t\t\t\t\t\t<img loading=\"lazy\" decoding=\"async\" width=\"1200\" height=\"1200\" src=\"https:\/\/belladentist.com\/wp-content\/uploads\/2021\/07\/shutterstock_1353512174.jpg\" class=\"attachment-full size-full\" alt=\"\" srcset=\"https:\/\/belladentist.com\/wp-content\/uploads\/2021\/07\/shutterstock_1353512174.jpg 1200w, https:\/\/belladentist.com\/wp-content\/uploads\/2021\/07\/shutterstock_1353512174-300x300.jpg 300w, https:\/\/belladentist.com\/wp-content\/uploads\/2021\/07\/shutterstock_1353512174-1024x1024.jpg 1024w, https:\/\/belladentist.com\/wp-content\/uploads\/2021\/07\/shutterstock_1353512174-150x150.jpg 150w, https:\/\/belladentist.com\/wp-content\/uploads\/2021\/07\/shutterstock_1353512174-768x768.jpg 768w\" sizes=\"auto, (max-width: 1200px) 100vw, 1200px\" \/>\t\t\t\t\t\t\t\t\t\t\t\t\t\t\t<\/div>\n\t\t\t\t<\/div>\n\t\t\t\t\t<\/div>\n\t\t<\/div>\n\t\t\t\t\t\t\t<\/div>\n\t\t<\/section>\n\t\t\t\t\t\t<\/div>\n\t\t\t\t\t<\/div>\n\t\t","protected":false},"excerpt":{"rendered":"<p>\u00bfNecesitas limpieza profunda?? Empieza con una consulta gratuita y Rayos X iniciales Reservar una cita \u00bfQu\u00e9 es la limpieza profunda? La limpieza profunda es un conjunto de procedimientos dentales que una persona puede necesitar si ha experimentado una intrusi\u00f3n profunda de placa. Otros nombres para los procedimientos de limpieza profunda son el escalado y cepillado [&hellip;]<\/p>\n","protected":false},"author":6,"featured_media":0,"parent":13110,"menu_order":0,"comment_status":"closed","ping_status":"closed","template":"elementor_header_footer","meta":{"footnotes":""},"class_list":["post-13093","page","type-page","status-publish","hentry"],"_links":{"self":[{"href":"https:\/\/belladentist.com\/es\/wp-json\/wp\/v2\/pages\/13093","targetHints":{"allow":["GET"]}}],"collection":[{"href":"https:\/\/belladentist.com\/es\/wp-json\/wp\/v2\/pages"}],"about":[{"href":"https:\/\/belladentist.com\/es\/wp-json\/wp\/v2\/types\/page"}],"author":[{"embeddable":true,"href":"https:\/\/belladentist.com\/es\/wp-json\/wp\/v2\/users\/6"}],"replies":[{"embeddable":true,"href":"https:\/\/belladentist.com\/es\/wp-json\/wp\/v2\/comments?post=13093"}],"version-history":[{"count":0,"href":"https:\/\/belladentist.com\/es\/wp-json\/wp\/v2\/pages\/13093\/revisions"}],"up":[{"embeddable":true,"href":"https:\/\/belladentist.com\/es\/wp-json\/wp\/v2\/pages\/13110"}],"wp:attachment":[{"href":"https:\/\/belladentist.com\/es\/wp-json\/wp\/v2\/media?parent=13093"}],"curies":[{"name":"wp","href":"https:\/\/api.w.org\/{rel}","templated":true}]}}