{"id":13099,"date":"2021-05-24T07:51:55","date_gmt":"2021-05-24T07:51:55","guid":{"rendered":"https:\/\/belladentist.wpengine.com\/sedation\/"},"modified":"2021-08-16T12:00:56","modified_gmt":"2021-08-16T12:00:56","slug":"sedacion","status":"publish","type":"page","link":"https:\/\/belladentist.com\/es\/odontologia-general\/sedacion\/","title":{"rendered":"Sedaci\u00f3n"},"content":{"rendered":"\t\t<div data-elementor-type=\"wp-page\" data-elementor-id=\"13099\" class=\"elementor elementor-13099\" data-elementor-settings=\"[]\">\n\t\t\t\t\t\t\t<div class=\"elementor-section-wrap\">\n\t\t\t\t\t\t\t<section class=\"elementor-section elementor-top-section elementor-element elementor-element-79923ff4 elementor-section-height-min-height elementor-section-stretched headback elementor-section-boxed elementor-section-height-default elementor-section-items-middle\" data-id=\"79923ff4\" data-element_type=\"section\" data-settings=\"{&quot;stretch_section&quot;:&quot;section-stretched&quot;,&quot;background_background&quot;:&quot;classic&quot;,&quot;_ob_glider_is_slider&quot;:&quot;no&quot;}\">\n\t\t\t\t\t\t\t<div class=\"elementor-background-overlay\"><\/div>\n\t\t\t\t\t\t\t<div class=\"elementor-container elementor-column-gap-default\">\n\t\t\t\t\t<div class=\"elementor-column elementor-col-100 elementor-top-column elementor-element elementor-element-31c6b23f\" data-id=\"31c6b23f\" data-element_type=\"column\">\n\t\t\t<div class=\"elementor-widget-wrap elementor-element-populated\">\n\t\t\t\t\t\t\t\t<div class=\"elementor-element elementor-element-802699 elementor-widget elementor-widget-heading\" data-id=\"802699\" data-element_type=\"widget\" data-widget_type=\"heading.default\">\n\t\t\t\t<div class=\"elementor-widget-container\">\n\t\t\t<h1 class=\"elementor-heading-title elementor-size-default\">\u00bfNecesitas Sedaci\u00f3n?<\/h1>\t\t<\/div>\n\t\t\t\t<\/div>\n\t\t\t\t<div class=\"elementor-element elementor-element-6a785bed elementor-widget elementor-widget-heading\" data-id=\"6a785bed\" data-element_type=\"widget\" data-widget_type=\"heading.default\">\n\t\t\t\t<div class=\"elementor-widget-container\">\n\t\t\t<h4 class=\"elementor-heading-title elementor-size-default\">Empieza con una consulta gratuita y Rayos X iniciales<\/h4>\t\t<\/div>\n\t\t\t\t<\/div>\n\t\t\t\t<div class=\"elementor-element elementor-element-4ce3f16d elementor-align-left bluehover elementor-widget elementor-widget-button\" data-id=\"4ce3f16d\" data-element_type=\"widget\" data-widget_type=\"button.default\">\n\t\t\t\t<div class=\"elementor-widget-container\">\n\t\t\t\t\t<div class=\"elementor-button-wrapper\">\n\t\t\t<a href=\"https:\/\/belladentist.wpengine.com\/es\/citas\/\" class=\"elementor-button-link elementor-button elementor-size-sm\" role=\"button\">\n\t\t\t\t\t\t<span class=\"elementor-button-content-wrapper\">\n\t\t\t\t\t\t<span class=\"elementor-button-text\">Reservar una cita<\/span>\n\t\t<\/span>\n\t\t\t\t\t<\/a>\n\t\t<\/div>\n\t\t\t\t<\/div>\n\t\t\t\t<\/div>\n\t\t\t\t\t<\/div>\n\t\t<\/div>\n\t\t\t\t\t\t\t<\/div>\n\t\t<\/section>\n\t\t\t\t<section class=\"elementor-section elementor-top-section elementor-element elementor-element-6291c8ea elementor-section-boxed elementor-section-height-default elementor-section-height-default\" data-id=\"6291c8ea\" data-element_type=\"section\" data-settings=\"{&quot;background_background&quot;:&quot;classic&quot;,&quot;_ob_glider_is_slider&quot;:&quot;no&quot;}\">\n\t\t\t\t\t\t<div class=\"elementor-container elementor-column-gap-default\">\n\t\t\t\t\t<div class=\"elementor-column elementor-col-50 elementor-top-column elementor-element elementor-element-60bab2b5\" data-id=\"60bab2b5\" data-element_type=\"column\">\n\t\t\t<div class=\"elementor-widget-wrap elementor-element-populated\">\n\t\t\t\t\t\t\t\t<div class=\"elementor-element elementor-element-7bcce489 elementor-widget elementor-widget-image\" data-id=\"7bcce489\" data-element_type=\"widget\" data-widget_type=\"image.default\">\n\t\t\t\t<div class=\"elementor-widget-container\">\n\t\t\t\t\t\t\t\t\t\t\t\t\t\t\t<img loading=\"lazy\" decoding=\"async\" width=\"1200\" height=\"1200\" src=\"https:\/\/belladentist.com\/wp-content\/uploads\/2021\/07\/shutterstock_1233202393-1.jpg\" class=\"attachment-full size-full\" alt=\"\" srcset=\"https:\/\/belladentist.com\/wp-content\/uploads\/2021\/07\/shutterstock_1233202393-1.jpg 1200w, https:\/\/belladentist.com\/wp-content\/uploads\/2021\/07\/shutterstock_1233202393-1-300x300.jpg 300w, https:\/\/belladentist.com\/wp-content\/uploads\/2021\/07\/shutterstock_1233202393-1-1024x1024.jpg 1024w, https:\/\/belladentist.com\/wp-content\/uploads\/2021\/07\/shutterstock_1233202393-1-150x150.jpg 150w, https:\/\/belladentist.com\/wp-content\/uploads\/2021\/07\/shutterstock_1233202393-1-768x768.jpg 768w\" sizes=\"auto, (max-width: 1200px) 100vw, 1200px\" \/>\t\t\t\t\t\t\t\t\t\t\t\t\t\t\t<\/div>\n\t\t\t\t<\/div>\n\t\t\t\t\t<\/div>\n\t\t<\/div>\n\t\t\t\t<div class=\"elementor-column elementor-col-50 elementor-top-column elementor-element elementor-element-6367e190\" data-id=\"6367e190\" data-element_type=\"column\">\n\t\t\t<div class=\"elementor-widget-wrap elementor-element-populated\">\n\t\t\t\t\t\t\t\t<div class=\"elementor-element elementor-element-2bf93e5a elementor-widget elementor-widget-heading\" data-id=\"2bf93e5a\" data-element_type=\"widget\" data-widget_type=\"heading.default\">\n\t\t\t\t<div class=\"elementor-widget-container\">\n\t\t\t<h2 class=\"elementor-heading-title elementor-size-default\">\u00bfQu\u00e9 es la sedaci\u00f3n?<\/h2>\t\t<\/div>\n\t\t\t\t<\/div>\n\t\t\t\t<div class=\"elementor-element elementor-element-d234fcd elementor-widget elementor-widget-text-editor\" data-id=\"d234fcd\" data-element_type=\"widget\" data-widget_type=\"text-editor.default\">\n\t\t\t\t<div class=\"elementor-widget-container\">\n\t\t\t\t\t\t\tLa sedaci\u00f3n odontolog\u00eda implica el uso de la mediaci\u00f3n para permitir que los pacientes se relajen  antes de su procedimiento dental. Muchas personas tienen miedo de ir al dentista, por lo tanto lo evitan. Cuando los pacientes deciden tener sedaci\u00f3n, tendr\u00e1n una experiencia mucho m\u00e1s agradable sin tener ansiedad o sentirse estresado. La sedaci\u00f3n odontolog\u00eda es muy segura y eficaz. Ofrecemos las opciones m\u00e1s c\u00f3modas para el tratamiento dental, los pacientes est\u00e1n completamente relajados sin experimentar ning\u00fan tipo de ansiedad o dolor durante los procedimientos.\t\t\t\t\t\t<\/div>\n\t\t\t\t<\/div>\n\t\t\t\t\t<\/div>\n\t\t<\/div>\n\t\t\t\t\t\t\t<\/div>\n\t\t<\/section>\n\t\t\t\t<section class=\"elementor-section elementor-top-section elementor-element elementor-element-96e5bbf elementor-section-stretched hideme elementor-section-boxed elementor-section-height-default elementor-section-height-default\" data-id=\"96e5bbf\" data-element_type=\"section\" data-settings=\"{&quot;stretch_section&quot;:&quot;section-stretched&quot;,&quot;background_background&quot;:&quot;classic&quot;,&quot;_ob_glider_is_slider&quot;:&quot;no&quot;}\">\n\t\t\t\t\t\t<div class=\"elementor-container elementor-column-gap-default\">\n\t\t\t\t\t<div class=\"elementor-column elementor-col-50 elementor-top-column elementor-element elementor-element-b21a807\" data-id=\"b21a807\" data-element_type=\"column\">\n\t\t\t<div class=\"elementor-widget-wrap elementor-element-populated\">\n\t\t\t\t\t\t\t\t<div class=\"elementor-element elementor-element-17052fb elementor-position-left elementor-vertical-align-middle elementor-view-default elementor-widget elementor-widget-icon-box\" data-id=\"17052fb\" data-element_type=\"widget\" data-widget_type=\"icon-box.default\">\n\t\t\t\t<div class=\"elementor-widget-container\">\n\t\t\t\t\t<div class=\"elementor-icon-box-wrapper\">\n\t\t\t\t\t\t<div class=\"elementor-icon-box-icon\">\n\t\t\t\t<span class=\"elementor-icon elementor-animation-\" >\n\t\t\t\t<i aria-hidden=\"true\" class=\"far fa-calendar-check\"><\/i>\t\t\t\t<\/span>\n\t\t\t<\/div>\n\t\t\t\t\t\t<div class=\"elementor-icon-box-content\">\n\t\t\t\t<h3 class=\"elementor-icon-box-title\">\n\t\t\t\t\t<span  >\n\t\t\t\t\t\t Empieza con una consulta gratuita y Rayos X iniciales\t\t\t\t\t<\/span>\n\t\t\t\t<\/h3>\n\t\t\t\t\t\t\t<\/div>\n\t\t<\/div>\n\t\t\t\t<\/div>\n\t\t\t\t<\/div>\n\t\t\t\t\t<\/div>\n\t\t<\/div>\n\t\t\t\t<div class=\"elementor-column elementor-col-50 elementor-top-column elementor-element elementor-element-248c08d\" data-id=\"248c08d\" data-element_type=\"column\">\n\t\t\t<div class=\"elementor-widget-wrap elementor-element-populated\">\n\t\t\t\t\t\t\t\t<div class=\"elementor-element elementor-element-48624c1 elementor-align-right bluehover elementor-widget elementor-widget-button\" data-id=\"48624c1\" data-element_type=\"widget\" data-widget_type=\"button.default\">\n\t\t\t\t<div class=\"elementor-widget-container\">\n\t\t\t\t\t<div class=\"elementor-button-wrapper\">\n\t\t\t<a href=\"https:\/\/belladentist.wpengine.com\/es\/citas\/\" class=\"elementor-button-link elementor-button elementor-size-sm\" role=\"button\">\n\t\t\t\t\t\t<span class=\"elementor-button-content-wrapper\">\n\t\t\t\t\t\t<span class=\"elementor-button-text\">HAGA UNA CITA <\/span>\n\t\t<\/span>\n\t\t\t\t\t<\/a>\n\t\t<\/div>\n\t\t\t\t<\/div>\n\t\t\t\t<\/div>\n\t\t\t\t\t<\/div>\n\t\t<\/div>\n\t\t\t\t\t\t\t<\/div>\n\t\t<\/section>\n\t\t\t\t<section class=\"elementor-section elementor-top-section elementor-element elementor-element-4186ef2 elementor-section-boxed elementor-section-height-default elementor-section-height-default\" data-id=\"4186ef2\" data-element_type=\"section\" data-settings=\"{&quot;background_background&quot;:&quot;classic&quot;,&quot;_ob_glider_is_slider&quot;:&quot;no&quot;}\">\n\t\t\t\t\t\t<div class=\"elementor-container elementor-column-gap-default\">\n\t\t\t\t\t<div class=\"elementor-column elementor-col-50 elementor-top-column elementor-element elementor-element-4bf47a93\" data-id=\"4bf47a93\" data-element_type=\"column\">\n\t\t\t<div class=\"elementor-widget-wrap elementor-element-populated\">\n\t\t\t\t\t\t\t\t<div class=\"elementor-element elementor-element-194a7cb4 elementor-widget elementor-widget-heading\" data-id=\"194a7cb4\" data-element_type=\"widget\" data-widget_type=\"heading.default\">\n\t\t\t\t<div class=\"elementor-widget-container\">\n\t\t\t<h2 class=\"elementor-heading-title elementor-size-default\">\u00bfCu\u00e1ndo necesito sedaci\u00f3n?<\/h2>\t\t<\/div>\n\t\t\t\t<\/div>\n\t\t\t\t<div class=\"elementor-element elementor-element-1ff1647 elementor-widget elementor-widget-text-editor\" data-id=\"1ff1647\" data-element_type=\"widget\" data-widget_type=\"text-editor.default\">\n\t\t\t\t<div class=\"elementor-widget-container\">\n\t\t\t\t\t\t\tLa sedaci\u00f3n odontolog\u00eda es una gran opci\u00f3n para cualquier persona que teme al dentista. Otro beneficio es que el paciente no sentir\u00e1 ning\u00fan dolor. Cuando el paciente tiene un umbral de dolor m\u00e1s bajo, no hay necesidad de anestesia adicional. Cuando los pacientes se someten a sedaci\u00f3n, no se sentir\u00e1n inc\u00f3modos ni molestos manteniendo la boca abierta durante un largo per\u00edodo de tiempo. Esto le dar\u00e1 al dentista la oportunidad de realizar varios procedimientos en una sola visita.\t\t\t\t\t\t<\/div>\n\t\t\t\t<\/div>\n\t\t\t\t\t<\/div>\n\t\t<\/div>\n\t\t\t\t<div class=\"elementor-column elementor-col-50 elementor-top-column elementor-element elementor-element-5ee94b15\" data-id=\"5ee94b15\" data-element_type=\"column\">\n\t\t\t<div class=\"elementor-widget-wrap elementor-element-populated\">\n\t\t\t\t\t\t\t\t<div class=\"elementor-element elementor-element-aee0c8f elementor-widget elementor-widget-image\" data-id=\"aee0c8f\" data-element_type=\"widget\" data-widget_type=\"image.default\">\n\t\t\t\t<div class=\"elementor-widget-container\">\n\t\t\t\t\t\t\t\t\t\t\t\t\t\t\t<img loading=\"lazy\" decoding=\"async\" width=\"1200\" height=\"1200\" src=\"https:\/\/belladentist.com\/wp-content\/uploads\/2021\/07\/shutterstock_1921335104.jpg\" class=\"attachment-full size-full\" alt=\"\" srcset=\"https:\/\/belladentist.com\/wp-content\/uploads\/2021\/07\/shutterstock_1921335104.jpg 1200w, https:\/\/belladentist.com\/wp-content\/uploads\/2021\/07\/shutterstock_1921335104-300x300.jpg 300w, https:\/\/belladentist.com\/wp-content\/uploads\/2021\/07\/shutterstock_1921335104-1024x1024.jpg 1024w, https:\/\/belladentist.com\/wp-content\/uploads\/2021\/07\/shutterstock_1921335104-150x150.jpg 150w, https:\/\/belladentist.com\/wp-content\/uploads\/2021\/07\/shutterstock_1921335104-768x768.jpg 768w\" sizes=\"auto, (max-width: 1200px) 100vw, 1200px\" \/>\t\t\t\t\t\t\t\t\t\t\t\t\t\t\t<\/div>\n\t\t\t\t<\/div>\n\t\t\t\t\t<\/div>\n\t\t<\/div>\n\t\t\t\t\t\t\t<\/div>\n\t\t<\/section>\n\t\t\t\t\t\t<\/div>\n\t\t\t\t\t<\/div>\n\t\t","protected":false},"excerpt":{"rendered":"<p>\u00bfNecesitas Sedaci\u00f3n? Empieza con una consulta gratuita y Rayos X iniciales Reservar una cita \u00bfQu\u00e9 es la sedaci\u00f3n? La sedaci\u00f3n odontolog\u00eda implica el uso de la mediaci\u00f3n para permitir que los pacientes se relajen antes de su procedimiento dental. Muchas personas tienen miedo de ir al dentista, por lo tanto lo evitan. Cuando los pacientes [&hellip;]<\/p>\n","protected":false},"author":6,"featured_media":0,"parent":13110,"menu_order":0,"comment_status":"closed","ping_status":"closed","template":"elementor_header_footer","meta":{"footnotes":""},"class_list":["post-13099","page","type-page","status-publish","hentry"],"_links":{"self":[{"href":"https:\/\/belladentist.com\/es\/wp-json\/wp\/v2\/pages\/13099","targetHints":{"allow":["GET"]}}],"collection":[{"href":"https:\/\/belladentist.com\/es\/wp-json\/wp\/v2\/pages"}],"about":[{"href":"https:\/\/belladentist.com\/es\/wp-json\/wp\/v2\/types\/page"}],"author":[{"embeddable":true,"href":"https:\/\/belladentist.com\/es\/wp-json\/wp\/v2\/users\/6"}],"replies":[{"embeddable":true,"href":"https:\/\/belladentist.com\/es\/wp-json\/wp\/v2\/comments?post=13099"}],"version-history":[{"count":0,"href":"https:\/\/belladentist.com\/es\/wp-json\/wp\/v2\/pages\/13099\/revisions"}],"up":[{"embeddable":true,"href":"https:\/\/belladentist.com\/es\/wp-json\/wp\/v2\/pages\/13110"}],"wp:attachment":[{"href":"https:\/\/belladentist.com\/es\/wp-json\/wp\/v2\/media?parent=13099"}],"curies":[{"name":"wp","href":"https:\/\/api.w.org\/{rel}","templated":true}]}}