{"id":13107,"date":"2021-05-15T04:48:39","date_gmt":"2021-05-15T04:48:39","guid":{"rendered":"https:\/\/belladentist.wpengine.com\/orthodontics\/"},"modified":"2021-08-17T08:50:35","modified_gmt":"2021-08-17T08:50:35","slug":"ortodoncia","status":"publish","type":"page","link":"https:\/\/belladentist.com\/es\/ortodoncia\/","title":{"rendered":"Ortodoncia"},"content":{"rendered":"\t\t<div data-elementor-type=\"wp-page\" data-elementor-id=\"13107\" class=\"elementor elementor-13107\" data-elementor-settings=\"[]\">\n\t\t\t\t\t\t\t<div class=\"elementor-section-wrap\">\n\t\t\t\t\t\t\t<section class=\"elementor-section elementor-top-section elementor-element elementor-element-79b8a8f6 elementor-section-height-min-height elementor-section-stretched headback elementor-section-boxed elementor-section-height-default elementor-section-items-middle\" data-id=\"79b8a8f6\" data-element_type=\"section\" data-settings=\"{&quot;stretch_section&quot;:&quot;section-stretched&quot;,&quot;background_background&quot;:&quot;classic&quot;,&quot;_ob_glider_is_slider&quot;:&quot;no&quot;}\">\n\t\t\t\t\t\t\t<div class=\"elementor-background-overlay\"><\/div>\n\t\t\t\t\t\t\t<div class=\"elementor-container elementor-column-gap-default\">\n\t\t\t\t\t<div class=\"elementor-column elementor-col-100 elementor-top-column elementor-element elementor-element-1fa655f6\" data-id=\"1fa655f6\" data-element_type=\"column\">\n\t\t\t<div class=\"elementor-widget-wrap elementor-element-populated\">\n\t\t\t\t\t\t\t\t<div class=\"elementor-element elementor-element-32b8cdd8 elementor-widget elementor-widget-heading\" data-id=\"32b8cdd8\" data-element_type=\"widget\" data-widget_type=\"heading.default\">\n\t\t\t\t<div class=\"elementor-widget-container\">\n\t\t\t<h1 class=\"elementor-heading-title elementor-size-default\">Ortodoncia<\/h1>\t\t<\/div>\n\t\t\t\t<\/div>\n\t\t\t\t<div class=\"elementor-element elementor-element-4063016e elementor-widget elementor-widget-heading\" data-id=\"4063016e\" data-element_type=\"widget\" data-widget_type=\"heading.default\">\n\t\t\t\t<div class=\"elementor-widget-container\">\n\t\t\t<p class=\"elementor-heading-title elementor-size-default\">\nLa ortodoncia es un campo en una odontolog\u00eda que trata dientes y mand\u00edbulas que se han colocado<br \/> incorrectamente. Se har\u00e1 muy dif\u00edcil mantener una buena higiene dental y potencialmente la p\u00e9rdida<br \/> de diente cuando est\u00e1n agrietados o rotos. Una caries dental y enfermedades periodontales, pueden <br \/>causar estr\u00e9s adicional en los m\u00fasculos de masticaci\u00f3n que puede conducir a<br \/> dolores de cabeza, s\u00edndrome de ATM y dolor de cuello, hombro y espalda.\n<\/p>\t\t<\/div>\n\t\t\t\t<\/div>\n\t\t\t\t<div class=\"elementor-element elementor-element-2cc7dd80 elementor-align-left bluehover elementor-widget elementor-widget-button\" data-id=\"2cc7dd80\" data-element_type=\"widget\" data-widget_type=\"button.default\">\n\t\t\t\t<div class=\"elementor-widget-container\">\n\t\t\t\t\t<div class=\"elementor-button-wrapper\">\n\t\t\t<a href=\"https:\/\/belladentist.wpengine.com\/es\/citas\/\" class=\"elementor-button-link elementor-button elementor-size-sm\" role=\"button\">\n\t\t\t\t\t\t<span class=\"elementor-button-content-wrapper\">\n\t\t\t\t\t\t<span class=\"elementor-button-text\">PROGRAME UNA CITA<\/span>\n\t\t<\/span>\n\t\t\t\t\t<\/a>\n\t\t<\/div>\n\t\t\t\t<\/div>\n\t\t\t\t<\/div>\n\t\t\t\t\t<\/div>\n\t\t<\/div>\n\t\t\t\t\t\t\t<\/div>\n\t\t<\/section>\n\t\t\t\t<section class=\"elementor-section elementor-top-section elementor-element elementor-element-dc3b0a8 elementor-section-boxed elementor-section-height-default elementor-section-height-default\" data-id=\"dc3b0a8\" data-element_type=\"section\" data-settings=\"{&quot;background_background&quot;:&quot;classic&quot;,&quot;_ob_glider_is_slider&quot;:&quot;no&quot;}\">\n\t\t\t\t\t\t\t<div class=\"elementor-background-overlay\"><\/div>\n\t\t\t\t\t\t\t<div class=\"elementor-container elementor-column-gap-default\">\n\t\t\t\t\t<div class=\"elementor-column elementor-col-100 elementor-top-column elementor-element elementor-element-3b6b52e5\" data-id=\"3b6b52e5\" data-element_type=\"column\">\n\t\t\t<div class=\"elementor-widget-wrap elementor-element-populated\">\n\t\t\t\t\t\t\t\t<div class=\"elementor-element elementor-element-4cef3fbe elementor-widget elementor-widget-heading\" data-id=\"4cef3fbe\" data-element_type=\"widget\" data-widget_type=\"heading.default\">\n\t\t\t\t<div class=\"elementor-widget-container\">\n\t\t\t<h1 class=\"elementor-heading-title elementor-size-default\">Nuestras Tratamientos de Ortodoncia<\/h1>\t\t<\/div>\n\t\t\t\t<\/div>\n\t\t\t\t<div class=\"elementor-element elementor-element-47d30483 elementor-widget elementor-widget-text-editor\" data-id=\"47d30483\" data-element_type=\"widget\" data-widget_type=\"text-editor.default\">\n\t\t\t\t<div class=\"elementor-widget-container\">\n\t\t\t\t\t\t\tSeleccione un tratamiento a continuaci\u00f3n para obtener m\u00e1s informaci\u00f3n\t\t\t\t\t\t<\/div>\n\t\t\t\t<\/div>\n\t\t\t\t\t<\/div>\n\t\t<\/div>\n\t\t\t\t\t\t\t<\/div>\n\t\t<\/section>\n\t\t\t\t<section class=\"elementor-section elementor-top-section elementor-element elementor-element-f9fd865 elementor-section-boxed elementor-section-height-default elementor-section-height-default\" data-id=\"f9fd865\" data-element_type=\"section\" data-settings=\"{&quot;background_background&quot;:&quot;classic&quot;,&quot;_ob_glider_is_slider&quot;:&quot;no&quot;}\">\n\t\t\t\t\t\t\t<div class=\"elementor-background-overlay\"><\/div>\n\t\t\t\t\t\t\t<div class=\"elementor-container elementor-column-gap-default\">\n\t\t\t\t\t<div class=\"elementor-column elementor-col-100 elementor-top-column elementor-element elementor-element-2f69b6b1\" data-id=\"2f69b6b1\" data-element_type=\"column\">\n\t\t\t<div class=\"elementor-widget-wrap elementor-element-populated\">\n\t\t\t\t\t\t\t\t<section class=\"elementor-section elementor-inner-section elementor-element elementor-element-631023c elementor-section-boxed elementor-section-height-default elementor-section-height-default\" data-id=\"631023c\" data-element_type=\"section\" data-settings=\"{&quot;_ob_glider_is_slider&quot;:&quot;no&quot;}\">\n\t\t\t\t\t\t<div class=\"elementor-container elementor-column-gap-default\">\n\t\t\t\t\t<div class=\"elementor-column elementor-col-33 elementor-inner-column elementor-element elementor-element-4bb2fdb5\" data-id=\"4bb2fdb5\" data-element_type=\"column\">\n\t\t\t<div class=\"elementor-widget-wrap elementor-element-populated\">\n\t\t\t\t\t\t\t\t<div class=\"elementor-element elementor-element-5556656c elementor-vertical-align-middle services-block elementor-position-top elementor-widget elementor-widget-image-box\" data-id=\"5556656c\" data-element_type=\"widget\" data-widget_type=\"image-box.default\">\n\t\t\t\t<div class=\"elementor-widget-container\">\n\t\t\t<div class=\"elementor-image-box-wrapper\"><figure class=\"elementor-image-box-img\"><a href=\"https:\/\/belladentist.wpengine.com\/es\/ortodoncia\/frenos\/\"><img loading=\"lazy\" decoding=\"async\" width=\"80\" height=\"80\" src=\"https:\/\/belladentist.com\/wp-content\/uploads\/2021\/07\/braces-1.png\" class=\"attachment-full size-full\" alt=\"\" \/><\/a><\/figure><div class=\"elementor-image-box-content\"><h3 class=\"elementor-image-box-title\"><a href=\"https:\/\/belladentist.wpengine.com\/es\/ortodoncia\/frenos\/\">Frenos<\/a><\/h3><p class=\"elementor-image-box-description\">Los frenos son dispositivos orales para la boca, destinados a alinear y enderezar los dientes torcidos.<\/p><\/div><\/div>\t\t<\/div>\n\t\t\t\t<\/div>\n\t\t\t\t\t<\/div>\n\t\t<\/div>\n\t\t\t\t<div class=\"elementor-column elementor-col-33 elementor-inner-column elementor-element elementor-element-c3dd0d7\" data-id=\"c3dd0d7\" data-element_type=\"column\">\n\t\t\t<div class=\"elementor-widget-wrap elementor-element-populated\">\n\t\t\t\t\t\t\t\t<div class=\"elementor-element elementor-element-44dff1bc elementor-vertical-align-middle services-block elementor-position-top elementor-widget elementor-widget-image-box\" data-id=\"44dff1bc\" data-element_type=\"widget\" data-widget_type=\"image-box.default\">\n\t\t\t\t<div class=\"elementor-widget-container\">\n\t\t\t<div class=\"elementor-image-box-wrapper\"><figure class=\"elementor-image-box-img\"><a href=\"https:\/\/belladentist.wpengine.com\/es\/ortodoncia\/frenos-transparentes\/\"><img loading=\"lazy\" decoding=\"async\" width=\"80\" height=\"80\" src=\"https:\/\/belladentist.com\/wp-content\/uploads\/2021\/07\/clear-braces.png\" class=\"attachment-full size-full\" alt=\"\" \/><\/a><\/figure><div class=\"elementor-image-box-content\"><h3 class=\"elementor-image-box-title\"><a href=\"https:\/\/belladentist.wpengine.com\/es\/ortodoncia\/frenos-transparentes\/\">Frenos Transparentes<\/a><\/h3><p class=\"elementor-image-box-description\">Normalmente se usan los frenos transparentes cuando un paciente no tiene problemas significativos de mordedura. <\/p><\/div><\/div>\t\t<\/div>\n\t\t\t\t<\/div>\n\t\t\t\t\t<\/div>\n\t\t<\/div>\n\t\t\t\t<div class=\"elementor-column elementor-col-33 elementor-inner-column elementor-element elementor-element-737763df\" data-id=\"737763df\" data-element_type=\"column\">\n\t\t\t<div class=\"elementor-widget-wrap elementor-element-populated\">\n\t\t\t\t\t\t\t\t<div class=\"elementor-element elementor-element-6f36e3df elementor-vertical-align-middle services-block elementor-position-top elementor-widget elementor-widget-image-box\" data-id=\"6f36e3df\" data-element_type=\"widget\" data-widget_type=\"image-box.default\">\n\t\t\t\t<div class=\"elementor-widget-container\">\n\t\t\t<div class=\"elementor-image-box-wrapper\"><figure class=\"elementor-image-box-img\"><a href=\"https:\/\/belladentist.wpengine.com\/es\/ortodoncia\/frenos-linguales\/\"><img loading=\"lazy\" decoding=\"async\" width=\"80\" height=\"80\" src=\"https:\/\/belladentist.com\/wp-content\/uploads\/2021\/07\/lingualbraces.png\" class=\"attachment-full size-full\" alt=\"\" \/><\/a><\/figure><div class=\"elementor-image-box-content\"><h3 class=\"elementor-image-box-title\"><a href=\"https:\/\/belladentist.wpengine.com\/es\/ortodoncia\/frenos-linguales\/\">Lingual Braces<\/a><\/h3><p class=\"elementor-image-box-description\">Los frenos requieren un gran compromiso y para muchos el principal problema es que los aparatos ortodonticos pueden ser no muy agradables y poco atractivos.<\/p><\/div><\/div>\t\t<\/div>\n\t\t\t\t<\/div>\n\t\t\t\t\t<\/div>\n\t\t<\/div>\n\t\t\t\t\t\t\t<\/div>\n\t\t<\/section>\n\t\t\t\t<section class=\"elementor-section elementor-inner-section elementor-element elementor-element-72100fac elementor-section-boxed elementor-section-height-default elementor-section-height-default\" data-id=\"72100fac\" data-element_type=\"section\" data-settings=\"{&quot;_ob_glider_is_slider&quot;:&quot;no&quot;}\">\n\t\t\t\t\t\t<div class=\"elementor-container elementor-column-gap-default\">\n\t\t\t\t\t<div class=\"elementor-column elementor-col-33 elementor-inner-column elementor-element elementor-element-5514e626\" data-id=\"5514e626\" data-element_type=\"column\">\n\t\t\t<div class=\"elementor-widget-wrap elementor-element-populated\">\n\t\t\t\t\t\t\t\t<div class=\"elementor-element elementor-element-6c3b925 elementor-vertical-align-middle services-block elementor-position-top elementor-widget elementor-widget-image-box\" data-id=\"6c3b925\" data-element_type=\"widget\" data-widget_type=\"image-box.default\">\n\t\t\t\t<div class=\"elementor-widget-container\">\n\t\t\t<div class=\"elementor-image-box-wrapper\"><figure class=\"elementor-image-box-img\"><a href=\"https:\/\/belladentist.wpengine.com\/es\/ortodoncia\/invisalign\/\"><img loading=\"lazy\" decoding=\"async\" width=\"80\" height=\"80\" src=\"https:\/\/belladentist.com\/wp-content\/uploads\/2021\/07\/invisalign.png\" class=\"attachment-full size-full\" alt=\"\" \/><\/a><\/figure><div class=\"elementor-image-box-content\"><h3 class=\"elementor-image-box-title\"><a href=\"https:\/\/belladentist.wpengine.com\/es\/ortodoncia\/invisalign\/\">Invisalign<\/a><\/h3><p class=\"elementor-image-box-description\">Invisalign es un proceso moderno que endereza los dientes sin soportes o cables.<\/p><\/div><\/div>\t\t<\/div>\n\t\t\t\t<\/div>\n\t\t\t\t\t<\/div>\n\t\t<\/div>\n\t\t\t\t<div class=\"elementor-column elementor-col-33 elementor-inner-column elementor-element elementor-element-107951ec\" data-id=\"107951ec\" data-element_type=\"column\">\n\t\t\t<div class=\"elementor-widget-wrap elementor-element-populated\">\n\t\t\t\t\t\t\t\t<div class=\"elementor-element elementor-element-346be8de elementor-vertical-align-middle services-block elementor-position-top elementor-widget elementor-widget-image-box\" data-id=\"346be8de\" data-element_type=\"widget\" data-widget_type=\"image-box.default\">\n\t\t\t\t<div class=\"elementor-widget-container\">\n\t\t\t<div class=\"elementor-image-box-wrapper\"><figure class=\"elementor-image-box-img\"><a href=\"https:\/\/belladentist.wpengine.com\/es\/ortodoncia\/invisalign-teen\/\"><img loading=\"lazy\" decoding=\"async\" width=\"80\" height=\"80\" src=\"https:\/\/belladentist.com\/wp-content\/uploads\/2021\/07\/invisalignteent.png\" class=\"attachment-full size-full\" alt=\"\" \/><\/a><\/figure><div class=\"elementor-image-box-content\"><h3 class=\"elementor-image-box-title\"><a href=\"https:\/\/belladentist.wpengine.com\/es\/ortodoncia\/invisalign-teen\/\">Invisalign Teen<\/a><\/h3><p class=\"elementor-image-box-description\">Invisalign Teen es una serie de bandejas de retenci\u00f3n claras que se moldean a la boca de su hijo <\/p><\/div><\/div>\t\t<\/div>\n\t\t\t\t<\/div>\n\t\t\t\t\t<\/div>\n\t\t<\/div>\n\t\t\t\t<div class=\"elementor-column elementor-col-33 elementor-inner-column elementor-element elementor-element-51341634\" data-id=\"51341634\" data-element_type=\"column\">\n\t\t\t<div class=\"elementor-widget-wrap elementor-element-populated\">\n\t\t\t\t\t\t\t\t<div class=\"elementor-element elementor-element-49b08f78 elementor-vertical-align-middle services-block elementor-position-top elementor-widget elementor-widget-image-box\" data-id=\"49b08f78\" data-element_type=\"widget\" data-widget_type=\"image-box.default\">\n\t\t\t\t<div class=\"elementor-widget-container\">\n\t\t\t<div class=\"elementor-image-box-wrapper\"><figure class=\"elementor-image-box-img\"><a href=\"https:\/\/belladentist.wpengine.com\/es\/ortodoncia\/retenedores\/\"><img loading=\"lazy\" decoding=\"async\" width=\"80\" height=\"80\" src=\"https:\/\/belladentist.com\/wp-content\/uploads\/2021\/07\/retianers.png\" class=\"attachment-full size-full\" alt=\"\" \/><\/a><\/figure><div class=\"elementor-image-box-content\"><h3 class=\"elementor-image-box-title\"><a href=\"https:\/\/belladentist.wpengine.com\/es\/ortodoncia\/retenedores\/\">Retenedores<\/a><\/h3><p class=\"elementor-image-box-description\">Cualquier ni\u00f1o o adulto que ha tenido el privilegio de tener aparatos ortod\u00f3nticos sabe que los retenedores son la fase final y contin\u00faa para lograr una hermosa sonrisa.<\/p><\/div><\/div>\t\t<\/div>\n\t\t\t\t<\/div>\n\t\t\t\t\t<\/div>\n\t\t<\/div>\n\t\t\t\t\t\t\t<\/div>\n\t\t<\/section>\n\t\t\t\t\t<\/div>\n\t\t<\/div>\n\t\t\t\t\t\t\t<\/div>\n\t\t<\/section>\n\t\t\t\t\t\t<\/div>\n\t\t\t\t\t<\/div>\n\t\t","protected":false},"excerpt":{"rendered":"<p>Ortodoncia La ortodoncia es un campo en una odontolog\u00eda que trata dientes y mand\u00edbulas que se han colocado incorrectamente. Se har\u00e1 muy dif\u00edcil mantener una buena higiene dental y potencialmente la p\u00e9rdida de diente cuando est\u00e1n agrietados o rotos. Una caries dental y enfermedades periodontales, pueden causar estr\u00e9s adicional en los m\u00fasculos de masticaci\u00f3n que [&hellip;]<\/p>\n","protected":false},"author":6,"featured_media":0,"parent":0,"menu_order":0,"comment_status":"closed","ping_status":"closed","template":"elementor_header_footer","meta":{"footnotes":""},"class_list":["post-13107","page","type-page","status-publish","hentry"],"_links":{"self":[{"href":"https:\/\/belladentist.com\/es\/wp-json\/wp\/v2\/pages\/13107","targetHints":{"allow":["GET"]}}],"collection":[{"href":"https:\/\/belladentist.com\/es\/wp-json\/wp\/v2\/pages"}],"about":[{"href":"https:\/\/belladentist.com\/es\/wp-json\/wp\/v2\/types\/page"}],"author":[{"embeddable":true,"href":"https:\/\/belladentist.com\/es\/wp-json\/wp\/v2\/users\/6"}],"replies":[{"embeddable":true,"href":"https:\/\/belladentist.com\/es\/wp-json\/wp\/v2\/comments?post=13107"}],"version-history":[{"count":0,"href":"https:\/\/belladentist.com\/es\/wp-json\/wp\/v2\/pages\/13107\/revisions"}],"wp:attachment":[{"href":"https:\/\/belladentist.com\/es\/wp-json\/wp\/v2\/media?parent=13107"}],"curies":[{"name":"wp","href":"https:\/\/api.w.org\/{rel}","templated":true}]}}